{"id":167,"date":"2024-08-01T11:13:57","date_gmt":"2024-08-01T09:13:57","guid":{"rendered":"https:\/\/annaseroczynska.pl\/?page_id=167"},"modified":"2025-07-28T19:16:13","modified_gmt":"2025-07-28T17:16:13","slug":"elementor-167","status":"publish","type":"page","link":"https:\/\/annaseroczynska.pl\/?page_id=167","title":{"rendered":"O Mnie"},"content":{"rendered":"\n<ul class=\"wp-block-social-links is-layout-flex wp-block-social-links-is-layout-flex\"><li class=\"wp-social-link wp-social-link-facebook  wp-block-social-link\"><a href=\"https:\/\/www.facebook.com\/profile.php?id=100090948294650\" class=\"wp-block-social-link-anchor\"><svg width=\"24\" height=\"24\" viewBox=\"0 0 24 24\" version=\"1.1\" xmlns=\"http:\/\/www.w3.org\/2000\/svg\" aria-hidden=\"true\" focusable=\"false\"><path d=\"M12 2C6.5 2 2 6.5 2 12c0 5 3.7 9.1 8.4 9.9v-7H7.9V12h2.5V9.8c0-2.5 1.5-3.9 3.8-3.9 1.1 0 2.2.2 2.2.2v2.5h-1.3c-1.2 0-1.6.8-1.6 1.6V12h2.8l-.4 2.9h-2.3v7C18.3 21.1 22 17 22 12c0-5.5-4.5-10-10-10z\"><\/path><\/svg><span class=\"wp-block-social-link-label screen-reader-text\">Facebook<\/span><\/a><\/li>\n\n<li class=\"wp-social-link wp-social-link-mail  wp-block-social-link\"><a href=\"mailto:&#104;&#121;&#112;noprz&#101;strz&#101;&#110;&#064;g&#109;ai&#108;&#046;c&#111;m\" class=\"wp-block-social-link-anchor\"><svg width=\"24\" height=\"24\" viewBox=\"0 0 24 24\" version=\"1.1\" xmlns=\"http:\/\/www.w3.org\/2000\/svg\" aria-hidden=\"true\" focusable=\"false\"><path d=\"M19,5H5c-1.1,0-2,.9-2,2v10c0,1.1.9,2,2,2h14c1.1,0,2-.9,2-2V7c0-1.1-.9-2-2-2zm.5,12c0,.3-.2.5-.5.5H5c-.3,0-.5-.2-.5-.5V9.8l7.5,5.6,7.5-5.6V17zm0-9.1L12,13.6,4.5,7.9V7c0-.3.2-.5.5-.5h14c.3,0,.5.2.5.5v.9z\"><\/path><\/svg><span class=\"wp-block-social-link-label screen-reader-text\">Mail<\/span><\/a><\/li>\n\n<li class=\"wp-social-link wp-social-link-instagram  wp-block-social-link\"><a href=\"https:\/\/www.instagram.com\/hipnoterapia_kronikiakaszy\" class=\"wp-block-social-link-anchor\"><svg width=\"24\" height=\"24\" viewBox=\"0 0 24 24\" version=\"1.1\" xmlns=\"http:\/\/www.w3.org\/2000\/svg\" aria-hidden=\"true\" focusable=\"false\"><path d=\"M12,4.622c2.403,0,2.688,0.009,3.637,0.052c0.877,0.04,1.354,0.187,1.671,0.31c0.42,0.163,0.72,0.358,1.035,0.673 c0.315,0.315,0.51,0.615,0.673,1.035c0.123,0.317,0.27,0.794,0.31,1.671c0.043,0.949,0.052,1.234,0.052,3.637 s-0.009,2.688-0.052,3.637c-0.04,0.877-0.187,1.354-0.31,1.671c-0.163,0.42-0.358,0.72-0.673,1.035 c-0.315,0.315-0.615,0.51-1.035,0.673c-0.317,0.123-0.794,0.27-1.671,0.31c-0.949,0.043-1.233,0.052-3.637,0.052 s-2.688-0.009-3.637-0.052c-0.877-0.04-1.354-0.187-1.671-0.31c-0.42-0.163-0.72-0.358-1.035-0.673 c-0.315-0.315-0.51-0.615-0.673-1.035c-0.123-0.317-0.27-0.794-0.31-1.671C4.631,14.688,4.622,14.403,4.622,12 s0.009-2.688,0.052-3.637c0.04-0.877,0.187-1.354,0.31-1.671c0.163-0.42,0.358-0.72,0.673-1.035 c0.315-0.315,0.615-0.51,1.035-0.673c0.317-0.123,0.794-0.27,1.671-0.31C9.312,4.631,9.597,4.622,12,4.622 M12,3 C9.556,3,9.249,3.01,8.289,3.054C7.331,3.098,6.677,3.25,6.105,3.472C5.513,3.702,5.011,4.01,4.511,4.511 c-0.5,0.5-0.808,1.002-1.038,1.594C3.25,6.677,3.098,7.331,3.054,8.289C3.01,9.249,3,9.556,3,12c0,2.444,0.01,2.751,0.054,3.711 c0.044,0.958,0.196,1.612,0.418,2.185c0.23,0.592,0.538,1.094,1.038,1.594c0.5,0.5,1.002,0.808,1.594,1.038 c0.572,0.222,1.227,0.375,2.185,0.418C9.249,20.99,9.556,21,12,21s2.751-0.01,3.711-0.054c0.958-0.044,1.612-0.196,2.185-0.418 c0.592-0.23,1.094-0.538,1.594-1.038c0.5-0.5,0.808-1.002,1.038-1.594c0.222-0.572,0.375-1.227,0.418-2.185 C20.99,14.751,21,14.444,21,12s-0.01-2.751-0.054-3.711c-0.044-0.958-0.196-1.612-0.418-2.185c-0.23-0.592-0.538-1.094-1.038-1.594 c-0.5-0.5-1.002-0.808-1.594-1.038c-0.572-0.222-1.227-0.375-2.185-0.418C14.751,3.01,14.444,3,12,3L12,3z M12,7.378 c-2.552,0-4.622,2.069-4.622,4.622S9.448,16.622,12,16.622s4.622-2.069,4.622-4.622S14.552,7.378,12,7.378z M12,15 c-1.657,0-3-1.343-3-3s1.343-3,3-3s3,1.343,3,3S13.657,15,12,15z M16.804,6.116c-0.596,0-1.08,0.484-1.08,1.08 s0.484,1.08,1.08,1.08c0.596,0,1.08-0.484,1.08-1.08S17.401,6.116,16.804,6.116z\"><\/path><\/svg><span class=\"wp-block-social-link-label screen-reader-text\">Instagram<\/span><\/a><\/li>\n\n<li class=\"wp-social-link wp-social-link-whatsapp  wp-block-social-link\"><a href=\"tel:503416424\" class=\"wp-block-social-link-anchor\"><svg width=\"24\" height=\"24\" viewBox=\"0 0 24 24\" version=\"1.1\" xmlns=\"http:\/\/www.w3.org\/2000\/svg\" aria-hidden=\"true\" focusable=\"false\"><path d=\"M 12.011719 2 C 6.5057187 2 2.0234844 6.478375 2.0214844 11.984375 C 2.0204844 13.744375 2.4814687 15.462563 3.3554688 16.976562 L 2 22 L 7.2324219 20.763672 C 8.6914219 21.559672 10.333859 21.977516 12.005859 21.978516 L 12.009766 21.978516 C 17.514766 21.978516 21.995047 17.499141 21.998047 11.994141 C 22.000047 9.3251406 20.962172 6.8157344 19.076172 4.9277344 C 17.190172 3.0407344 14.683719 2.001 12.011719 2 z M 12.009766 4 C 14.145766 4.001 16.153109 4.8337969 17.662109 6.3417969 C 19.171109 7.8517969 20.000047 9.8581875 19.998047 11.992188 C 19.996047 16.396187 16.413812 19.978516 12.007812 19.978516 C 10.674812 19.977516 9.3544062 19.642812 8.1914062 19.007812 L 7.5175781 18.640625 L 6.7734375 18.816406 L 4.8046875 19.28125 L 5.2851562 17.496094 L 5.5019531 16.695312 L 5.0878906 15.976562 C 4.3898906 14.768562 4.0204844 13.387375 4.0214844 11.984375 C 4.0234844 7.582375 7.6067656 4 12.009766 4 z M 8.4765625 7.375 C 8.3095625 7.375 8.0395469 7.4375 7.8105469 7.6875 C 7.5815469 7.9365 6.9355469 8.5395781 6.9355469 9.7675781 C 6.9355469 10.995578 7.8300781 12.182609 7.9550781 12.349609 C 8.0790781 12.515609 9.68175 15.115234 12.21875 16.115234 C 14.32675 16.946234 14.754891 16.782234 15.212891 16.740234 C 15.670891 16.699234 16.690438 16.137687 16.898438 15.554688 C 17.106437 14.971687 17.106922 14.470187 17.044922 14.367188 C 16.982922 14.263188 16.816406 14.201172 16.566406 14.076172 C 16.317406 13.951172 15.090328 13.348625 14.861328 13.265625 C 14.632328 13.182625 14.464828 13.140625 14.298828 13.390625 C 14.132828 13.640625 13.655766 14.201187 13.509766 14.367188 C 13.363766 14.534188 13.21875 14.556641 12.96875 14.431641 C 12.71875 14.305641 11.914938 14.041406 10.960938 13.191406 C 10.218937 12.530406 9.7182656 11.714844 9.5722656 11.464844 C 9.4272656 11.215844 9.5585938 11.079078 9.6835938 10.955078 C 9.7955938 10.843078 9.9316406 10.663578 10.056641 10.517578 C 10.180641 10.371578 10.223641 10.267562 10.306641 10.101562 C 10.389641 9.9355625 10.347156 9.7890625 10.285156 9.6640625 C 10.223156 9.5390625 9.737625 8.3065 9.515625 7.8125 C 9.328625 7.3975 9.131125 7.3878594 8.953125 7.3808594 C 8.808125 7.3748594 8.6425625 7.375 8.4765625 7.375 z\"><\/path><\/svg><span class=\"wp-block-social-link-label screen-reader-text\">WhatsApp<\/span><\/a><\/li><\/ul>\n\n\n\n<figure class=\"wp-block-image size-large is-resized\"><img fetchpriority=\"high\" decoding=\"async\" width=\"766\" height=\"1024\" src=\"https:\/\/annaseroczynska.pl\/wp-content\/uploads\/2025\/07\/059bb42f-548b-4777-bde1-9821e03e022c-766x1024.jpg\" alt=\"\" class=\"wp-image-426\" style=\"width:480px;height:auto\" srcset=\"https:\/\/annaseroczynska.pl\/wp-content\/uploads\/2025\/07\/059bb42f-548b-4777-bde1-9821e03e022c-766x1024.jpg 766w, https:\/\/annaseroczynska.pl\/wp-content\/uploads\/2025\/07\/059bb42f-548b-4777-bde1-9821e03e022c-224x300.jpg 224w, https:\/\/annaseroczynska.pl\/wp-content\/uploads\/2025\/07\/059bb42f-548b-4777-bde1-9821e03e022c-768x1026.jpg 768w, https:\/\/annaseroczynska.pl\/wp-content\/uploads\/2025\/07\/059bb42f-548b-4777-bde1-9821e03e022c-1149x1536.jpg 1149w, https:\/\/annaseroczynska.pl\/wp-content\/uploads\/2025\/07\/059bb42f-548b-4777-bde1-9821e03e022c-1532x2048.jpg 1532w, https:\/\/annaseroczynska.pl\/wp-content\/uploads\/2025\/07\/059bb42f-548b-4777-bde1-9821e03e022c-scaled.jpg 1916w\" sizes=\"(max-width: 766px) 100vw, 766px\" \/><\/figure>\n\n\n\n<p class=\"has-text-align-center\">Nazywam si\u0119 Anna Seroczy\u0144ska<\/p>\n\n\n\n<p>&nbsp;<\/p>\n\n\n\n<p>Jestem Przewodniczk\u0105 Dusz.<\/p>\n\n\n\n<p>Towarzysz\u0119 tym, kt\u00f3rzy czuj\u0105, \u017ce przyszli tu po co\u015b wi\u0119cej &#8211; po prawd\u0119, po uzdrowienie, po powr\u00f3t do siebie. Pomagam zdejmowa\u0107 z Duszy ci\u0119\u017cary minionych wciele\u0144, traum, st\u0142umionych emocji i cudzych oczekiwa\u0144, aby mog\u0142o si\u0119 narodzi\u0107 to, co prawdziwe.<br>Moja \u015bcie\u017cka to po\u0142\u0105czenie wiedzy psychologicznej, duchowej intuicji i uzdrawiaj\u0105cej obecno\u015bci. <br>Pracuj\u0119 z osobami, kt\u00f3re do\u015bwiadczy\u0142y b\u00f3lu, rozczarowania, zagubienia, traum, niesprawiedliwo\u015bci, ale wci\u0105\u017c czuj\u0105 wewn\u0119trzne \u015bwiat\u0142o i pragnienie wolno\u015bci.<br>W pracy lud\u017ami \u0142\u0105cz\u0119 kilka metod kieruj\u0105c si\u0119 najwy\u017cszym dobrem klienta, szacunkiem, uwa\u017cno\u015bci\u0105 i pe\u0142n\u0105 obecno\u015bci\u0105.<br>Stwarzam przestrze\u0144, w kt\u00f3rej mo\u017cesz by\u0107 sob\u0105 &#8211; bez maski, bez wstydu, bez presji.<\/p>\n\n\n\n<p>Jestem pedagogiem, life coachem, certyfikowan\u0105 hipnoterapeutk\u0105, energoterapeutk\u0105 i kobiet\u0105, kt\u00f3ra sama przesz\u0142a kr\u0119te drogi wielu \u017cy\u0107.&nbsp;<br>Wiem, co to znaczy wraca\u0107 do siebie kawa\u0142ek po kawa\u0142ku, dlatego pracuj\u0119 z serca, z g\u0142\u0119bi, z prawdy.<\/p>\n\n\n\n<p>Moj\u0105 intencj\u0105 nie jest naprawianie Ciebie bo nie jeste\u015b zepsuta\/-y<br>Moj\u0105 misj\u0105 jest przypominanie Ci, \u017ce jeste\u015b \u015awiat\u0142em, \u017ce jeste\u015b pe\u0142na\/-y taka\/-i jaka\/-i jeste\u015b.<\/p>\n\n\n\n<p>Czasem wystarczy jedno spotkanie, jedno s\u0142owo, jeden oddech, \u017ceby wr\u00f3ci\u0107 do domu, kt\u00f3rym jeste\u015b Ty sam\/-a.<br>Je\u015bli czujesz, \u017ce Twoja Dusza wo\u0142a o co\u015b wi\u0119cej&nbsp; jestem tutaj<br>Witaj w przestrzeni, gdzie mo\u017cesz odetchn\u0105\u0107.<br>Witaj w sobie.<\/p>\n\n\n\n<p>Wszystkie sesje prowadz\u0119 online lub stacjonarnie w Warszawie.<\/p>\n\n\n\n<p>&nbsp;<\/p>\n","protected":false},"excerpt":{"rendered":"<p>Nazywam si\u0119 Anna Seroczy\u0144ska &nbsp; Jestem Przewodniczk\u0105 Dusz. Towarzysz\u0119 tym, kt\u00f3rzy czuj\u0105, \u017ce przyszli tu po co\u015b wi\u0119cej &#8211; po prawd\u0119, po uzdrowienie, po powr\u00f3t do siebie. Pomagam zdejmowa\u0107 z Duszy ci\u0119\u017cary minionych wciele\u0144, traum, st\u0142umionych emocji i cudzych oczekiwa\u0144, aby mog\u0142o si\u0119 narodzi\u0107 to, co prawdziwe.Moja \u015bcie\u017cka to po\u0142\u0105czenie wiedzy psychologicznej, duchowej intuicji i [&hellip;]<\/p>\n","protected":false},"author":1,"featured_media":0,"parent":0,"menu_order":0,"comment_status":"closed","ping_status":"closed","template":"","meta":{"_kadence_starter_templates_imported_post":false,"footnotes":""},"class_list":["post-167","page","type-page","status-publish","hentry"],"yoast_head":"<!-- This site is optimized with the Yoast SEO plugin v23.9 - https:\/\/yoast.com\/wordpress\/plugins\/seo\/ -->\n<title>O Mnie - Anna Seroczy\u0144ska<\/title>\n<meta name=\"robots\" content=\"index, follow, max-snippet:-1, max-image-preview:large, max-video-preview:-1\" \/>\n<link rel=\"canonical\" href=\"https:\/\/annaseroczynska.pl\/?page_id=167\" \/>\n<meta property=\"og:locale\" content=\"en_US\" \/>\n<meta property=\"og:type\" content=\"article\" \/>\n<meta property=\"og:title\" content=\"O Mnie - Anna Seroczy\u0144ska\" \/>\n<meta property=\"og:description\" content=\"Nazywam si\u0119 Anna Seroczy\u0144ska &nbsp; Jestem Przewodniczk\u0105 Dusz. Towarzysz\u0119 tym, kt\u00f3rzy czuj\u0105, \u017ce przyszli tu po co\u015b wi\u0119cej &#8211; po prawd\u0119, po uzdrowienie, po powr\u00f3t do siebie. Pomagam zdejmowa\u0107 z Duszy ci\u0119\u017cary minionych wciele\u0144, traum, st\u0142umionych emocji i cudzych oczekiwa\u0144, aby mog\u0142o si\u0119 narodzi\u0107 to, co prawdziwe.Moja \u015bcie\u017cka to po\u0142\u0105czenie wiedzy psychologicznej, duchowej intuicji i [&hellip;]\" \/>\n<meta property=\"og:url\" content=\"https:\/\/annaseroczynska.pl\/?page_id=167\" \/>\n<meta property=\"og:site_name\" content=\"Anna Seroczy\u0144ska\" \/>\n<meta property=\"article:modified_time\" content=\"2025-07-28T17:16:13+00:00\" \/>\n<meta property=\"og:image\" content=\"https:\/\/annaseroczynska.pl\/wp-content\/uploads\/2025\/07\/059bb42f-548b-4777-bde1-9821e03e022c-766x1024.jpg\" \/>\n<meta name=\"twitter:card\" content=\"summary_large_image\" \/>\n<meta name=\"twitter:label1\" content=\"Est. reading time\" \/>\n\t<meta name=\"twitter:data1\" content=\"2 minutes\" \/>\n<script type=\"application\/ld+json\" class=\"yoast-schema-graph\">{\"@context\":\"https:\/\/schema.org\",\"@graph\":[{\"@type\":\"WebPage\",\"@id\":\"https:\/\/annaseroczynska.pl\/?page_id=167\",\"url\":\"https:\/\/annaseroczynska.pl\/?page_id=167\",\"name\":\"O Mnie - Anna Seroczy\u0144ska\",\"isPartOf\":{\"@id\":\"http:\/\/annaseroczynska.pl\/#website\"},\"primaryImageOfPage\":{\"@id\":\"https:\/\/annaseroczynska.pl\/?page_id=167#primaryimage\"},\"image\":{\"@id\":\"https:\/\/annaseroczynska.pl\/?page_id=167#primaryimage\"},\"thumbnailUrl\":\"https:\/\/annaseroczynska.pl\/wp-content\/uploads\/2025\/07\/059bb42f-548b-4777-bde1-9821e03e022c-766x1024.jpg\",\"datePublished\":\"2024-08-01T09:13:57+00:00\",\"dateModified\":\"2025-07-28T17:16:13+00:00\",\"breadcrumb\":{\"@id\":\"https:\/\/annaseroczynska.pl\/?page_id=167#breadcrumb\"},\"inLanguage\":\"en-US\",\"potentialAction\":[{\"@type\":\"ReadAction\",\"target\":[\"https:\/\/annaseroczynska.pl\/?page_id=167\"]}]},{\"@type\":\"ImageObject\",\"inLanguage\":\"en-US\",\"@id\":\"https:\/\/annaseroczynska.pl\/?page_id=167#primaryimage\",\"url\":\"https:\/\/annaseroczynska.pl\/wp-content\/uploads\/2025\/07\/059bb42f-548b-4777-bde1-9821e03e022c-scaled.jpg\",\"contentUrl\":\"https:\/\/annaseroczynska.pl\/wp-content\/uploads\/2025\/07\/059bb42f-548b-4777-bde1-9821e03e022c-scaled.jpg\",\"width\":1916,\"height\":2560},{\"@type\":\"BreadcrumbList\",\"@id\":\"https:\/\/annaseroczynska.pl\/?page_id=167#breadcrumb\",\"itemListElement\":[{\"@type\":\"ListItem\",\"position\":1,\"name\":\"Strona g\u0142\u00f3wna\",\"item\":\"http:\/\/annaseroczynska.pl\/\"},{\"@type\":\"ListItem\",\"position\":2,\"name\":\"O Mnie\"}]},{\"@type\":\"WebSite\",\"@id\":\"http:\/\/annaseroczynska.pl\/#website\",\"url\":\"http:\/\/annaseroczynska.pl\/\",\"name\":\"Anna Seroczy\u0144ska\",\"description\":\"Certyfikowana Hipnoterapeutka \",\"potentialAction\":[{\"@type\":\"SearchAction\",\"target\":{\"@type\":\"EntryPoint\",\"urlTemplate\":\"http:\/\/annaseroczynska.pl\/?s={search_term_string}\"},\"query-input\":{\"@type\":\"PropertyValueSpecification\",\"valueRequired\":true,\"valueName\":\"search_term_string\"}}],\"inLanguage\":\"en-US\"}]}<\/script>\n<!-- \/ Yoast SEO plugin. -->","yoast_head_json":{"title":"O Mnie - Anna Seroczy\u0144ska","robots":{"index":"index","follow":"follow","max-snippet":"max-snippet:-1","max-image-preview":"max-image-preview:large","max-video-preview":"max-video-preview:-1"},"canonical":"https:\/\/annaseroczynska.pl\/?page_id=167","og_locale":"en_US","og_type":"article","og_title":"O Mnie - Anna Seroczy\u0144ska","og_description":"Nazywam si\u0119 Anna Seroczy\u0144ska &nbsp; Jestem Przewodniczk\u0105 Dusz. Towarzysz\u0119 tym, kt\u00f3rzy czuj\u0105, \u017ce przyszli tu po co\u015b wi\u0119cej &#8211; po prawd\u0119, po uzdrowienie, po powr\u00f3t do siebie. Pomagam zdejmowa\u0107 z Duszy ci\u0119\u017cary minionych wciele\u0144, traum, st\u0142umionych emocji i cudzych oczekiwa\u0144, aby mog\u0142o si\u0119 narodzi\u0107 to, co prawdziwe.Moja \u015bcie\u017cka to po\u0142\u0105czenie wiedzy psychologicznej, duchowej intuicji i [&hellip;]","og_url":"https:\/\/annaseroczynska.pl\/?page_id=167","og_site_name":"Anna Seroczy\u0144ska","article_modified_time":"2025-07-28T17:16:13+00:00","og_image":[{"url":"https:\/\/annaseroczynska.pl\/wp-content\/uploads\/2025\/07\/059bb42f-548b-4777-bde1-9821e03e022c-766x1024.jpg"}],"twitter_card":"summary_large_image","twitter_misc":{"Est. reading time":"2 minutes"},"schema":{"@context":"https:\/\/schema.org","@graph":[{"@type":"WebPage","@id":"https:\/\/annaseroczynska.pl\/?page_id=167","url":"https:\/\/annaseroczynska.pl\/?page_id=167","name":"O Mnie - Anna Seroczy\u0144ska","isPartOf":{"@id":"http:\/\/annaseroczynska.pl\/#website"},"primaryImageOfPage":{"@id":"https:\/\/annaseroczynska.pl\/?page_id=167#primaryimage"},"image":{"@id":"https:\/\/annaseroczynska.pl\/?page_id=167#primaryimage"},"thumbnailUrl":"https:\/\/annaseroczynska.pl\/wp-content\/uploads\/2025\/07\/059bb42f-548b-4777-bde1-9821e03e022c-766x1024.jpg","datePublished":"2024-08-01T09:13:57+00:00","dateModified":"2025-07-28T17:16:13+00:00","breadcrumb":{"@id":"https:\/\/annaseroczynska.pl\/?page_id=167#breadcrumb"},"inLanguage":"en-US","potentialAction":[{"@type":"ReadAction","target":["https:\/\/annaseroczynska.pl\/?page_id=167"]}]},{"@type":"ImageObject","inLanguage":"en-US","@id":"https:\/\/annaseroczynska.pl\/?page_id=167#primaryimage","url":"https:\/\/annaseroczynska.pl\/wp-content\/uploads\/2025\/07\/059bb42f-548b-4777-bde1-9821e03e022c-scaled.jpg","contentUrl":"https:\/\/annaseroczynska.pl\/wp-content\/uploads\/2025\/07\/059bb42f-548b-4777-bde1-9821e03e022c-scaled.jpg","width":1916,"height":2560},{"@type":"BreadcrumbList","@id":"https:\/\/annaseroczynska.pl\/?page_id=167#breadcrumb","itemListElement":[{"@type":"ListItem","position":1,"name":"Strona g\u0142\u00f3wna","item":"http:\/\/annaseroczynska.pl\/"},{"@type":"ListItem","position":2,"name":"O Mnie"}]},{"@type":"WebSite","@id":"http:\/\/annaseroczynska.pl\/#website","url":"http:\/\/annaseroczynska.pl\/","name":"Anna Seroczy\u0144ska","description":"Certyfikowana Hipnoterapeutka ","potentialAction":[{"@type":"SearchAction","target":{"@type":"EntryPoint","urlTemplate":"http:\/\/annaseroczynska.pl\/?s={search_term_string}"},"query-input":{"@type":"PropertyValueSpecification","valueRequired":true,"valueName":"search_term_string"}}],"inLanguage":"en-US"}]}},"_links":{"self":[{"href":"https:\/\/annaseroczynska.pl\/index.php?rest_route=\/wp\/v2\/pages\/167","targetHints":{"allow":["GET"]}}],"collection":[{"href":"https:\/\/annaseroczynska.pl\/index.php?rest_route=\/wp\/v2\/pages"}],"about":[{"href":"https:\/\/annaseroczynska.pl\/index.php?rest_route=\/wp\/v2\/types\/page"}],"author":[{"embeddable":true,"href":"https:\/\/annaseroczynska.pl\/index.php?rest_route=\/wp\/v2\/users\/1"}],"replies":[{"embeddable":true,"href":"https:\/\/annaseroczynska.pl\/index.php?rest_route=%2Fwp%2Fv2%2Fcomments&post=167"}],"version-history":[{"count":39,"href":"https:\/\/annaseroczynska.pl\/index.php?rest_route=\/wp\/v2\/pages\/167\/revisions"}],"predecessor-version":[{"id":427,"href":"https:\/\/annaseroczynska.pl\/index.php?rest_route=\/wp\/v2\/pages\/167\/revisions\/427"}],"wp:attachment":[{"href":"https:\/\/annaseroczynska.pl\/index.php?rest_route=%2Fwp%2Fv2%2Fmedia&parent=167"}],"curies":[{"name":"wp","href":"https:\/\/api.w.org\/{rel}","templated":true}]}}