{"id":188,"date":"2024-11-23T16:40:03","date_gmt":"2024-11-23T15:40:03","guid":{"rendered":"https:\/\/annaseroczynska.pl\/?page_id=188"},"modified":"2025-07-19T13:00:28","modified_gmt":"2025-07-19T11:00:28","slug":"kroniki-akaszy","status":"publish","type":"page","link":"https:\/\/annaseroczynska.pl\/?page_id=188","title":{"rendered":"Channeling"},"content":{"rendered":"\n<h2 class=\"wp-block-heading\">Channeling<\/h2>\n\n\n\n<figure class=\"wp-block-image size-full\"><img fetchpriority=\"high\" decoding=\"async\" width=\"1024\" height=\"768\" src=\"https:\/\/annaseroczynska.pl\/wp-content\/uploads\/2024\/12\/image.png\" alt=\"\" class=\"wp-image-234\" srcset=\"https:\/\/annaseroczynska.pl\/wp-content\/uploads\/2024\/12\/image.png 1024w, https:\/\/annaseroczynska.pl\/wp-content\/uploads\/2024\/12\/image-300x225.png 300w, https:\/\/annaseroczynska.pl\/wp-content\/uploads\/2024\/12\/image-768x576.png 768w\" sizes=\"(max-width: 1024px) 100vw, 1024px\" \/><\/figure>\n\n\n\n<ul class=\"wp-block-social-links is-layout-flex wp-block-social-links-is-layout-flex\"><li class=\"wp-social-link wp-social-link-facebook  wp-block-social-link\"><a href=\"https:\/\/www.facebook.com\/profile.php?id=100090948294650\" class=\"wp-block-social-link-anchor\"><svg width=\"24\" height=\"24\" viewBox=\"0 0 24 24\" version=\"1.1\" xmlns=\"http:\/\/www.w3.org\/2000\/svg\" aria-hidden=\"true\" focusable=\"false\"><path d=\"M12 2C6.5 2 2 6.5 2 12c0 5 3.7 9.1 8.4 9.9v-7H7.9V12h2.5V9.8c0-2.5 1.5-3.9 3.8-3.9 1.1 0 2.2.2 2.2.2v2.5h-1.3c-1.2 0-1.6.8-1.6 1.6V12h2.8l-.4 2.9h-2.3v7C18.3 21.1 22 17 22 12c0-5.5-4.5-10-10-10z\"><\/path><\/svg><span class=\"wp-block-social-link-label screen-reader-text\">Facebook<\/span><\/a><\/li>\n\n<li class=\"wp-social-link wp-social-link-mail  wp-block-social-link\"><a href=\"mailto:&#104;&#121;&#112;nop&#114;z&#101;&#115;t&#114;&#122;&#101;n&#064;&#103;ma&#105;l.c&#111;m\" class=\"wp-block-social-link-anchor\"><svg width=\"24\" height=\"24\" viewBox=\"0 0 24 24\" version=\"1.1\" xmlns=\"http:\/\/www.w3.org\/2000\/svg\" aria-hidden=\"true\" focusable=\"false\"><path d=\"M19,5H5c-1.1,0-2,.9-2,2v10c0,1.1.9,2,2,2h14c1.1,0,2-.9,2-2V7c0-1.1-.9-2-2-2zm.5,12c0,.3-.2.5-.5.5H5c-.3,0-.5-.2-.5-.5V9.8l7.5,5.6,7.5-5.6V17zm0-9.1L12,13.6,4.5,7.9V7c0-.3.2-.5.5-.5h14c.3,0,.5.2.5.5v.9z\"><\/path><\/svg><span class=\"wp-block-social-link-label screen-reader-text\">Mail<\/span><\/a><\/li>\n\n<li class=\"wp-social-link wp-social-link-instagram  wp-block-social-link\"><a href=\"https:\/\/www.instagram.com\/hipnoterapia_kronikiakaszy\" class=\"wp-block-social-link-anchor\"><svg width=\"24\" height=\"24\" viewBox=\"0 0 24 24\" version=\"1.1\" xmlns=\"http:\/\/www.w3.org\/2000\/svg\" aria-hidden=\"true\" focusable=\"false\"><path d=\"M12,4.622c2.403,0,2.688,0.009,3.637,0.052c0.877,0.04,1.354,0.187,1.671,0.31c0.42,0.163,0.72,0.358,1.035,0.673 c0.315,0.315,0.51,0.615,0.673,1.035c0.123,0.317,0.27,0.794,0.31,1.671c0.043,0.949,0.052,1.234,0.052,3.637 s-0.009,2.688-0.052,3.637c-0.04,0.877-0.187,1.354-0.31,1.671c-0.163,0.42-0.358,0.72-0.673,1.035 c-0.315,0.315-0.615,0.51-1.035,0.673c-0.317,0.123-0.794,0.27-1.671,0.31c-0.949,0.043-1.233,0.052-3.637,0.052 s-2.688-0.009-3.637-0.052c-0.877-0.04-1.354-0.187-1.671-0.31c-0.42-0.163-0.72-0.358-1.035-0.673 c-0.315-0.315-0.51-0.615-0.673-1.035c-0.123-0.317-0.27-0.794-0.31-1.671C4.631,14.688,4.622,14.403,4.622,12 s0.009-2.688,0.052-3.637c0.04-0.877,0.187-1.354,0.31-1.671c0.163-0.42,0.358-0.72,0.673-1.035 c0.315-0.315,0.615-0.51,1.035-0.673c0.317-0.123,0.794-0.27,1.671-0.31C9.312,4.631,9.597,4.622,12,4.622 M12,3 C9.556,3,9.249,3.01,8.289,3.054C7.331,3.098,6.677,3.25,6.105,3.472C5.513,3.702,5.011,4.01,4.511,4.511 c-0.5,0.5-0.808,1.002-1.038,1.594C3.25,6.677,3.098,7.331,3.054,8.289C3.01,9.249,3,9.556,3,12c0,2.444,0.01,2.751,0.054,3.711 c0.044,0.958,0.196,1.612,0.418,2.185c0.23,0.592,0.538,1.094,1.038,1.594c0.5,0.5,1.002,0.808,1.594,1.038 c0.572,0.222,1.227,0.375,2.185,0.418C9.249,20.99,9.556,21,12,21s2.751-0.01,3.711-0.054c0.958-0.044,1.612-0.196,2.185-0.418 c0.592-0.23,1.094-0.538,1.594-1.038c0.5-0.5,0.808-1.002,1.038-1.594c0.222-0.572,0.375-1.227,0.418-2.185 C20.99,14.751,21,14.444,21,12s-0.01-2.751-0.054-3.711c-0.044-0.958-0.196-1.612-0.418-2.185c-0.23-0.592-0.538-1.094-1.038-1.594 c-0.5-0.5-1.002-0.808-1.594-1.038c-0.572-0.222-1.227-0.375-2.185-0.418C14.751,3.01,14.444,3,12,3L12,3z M12,7.378 c-2.552,0-4.622,2.069-4.622,4.622S9.448,16.622,12,16.622s4.622-2.069,4.622-4.622S14.552,7.378,12,7.378z M12,15 c-1.657,0-3-1.343-3-3s1.343-3,3-3s3,1.343,3,3S13.657,15,12,15z M16.804,6.116c-0.596,0-1.08,0.484-1.08,1.08 s0.484,1.08,1.08,1.08c0.596,0,1.08-0.484,1.08-1.08S17.401,6.116,16.804,6.116z\"><\/path><\/svg><span class=\"wp-block-social-link-label screen-reader-text\">Instagram<\/span><\/a><\/li>\n\n<li class=\"wp-social-link wp-social-link-whatsapp  wp-block-social-link\"><a href=\"tel:503416424\" class=\"wp-block-social-link-anchor\"><svg width=\"24\" height=\"24\" viewBox=\"0 0 24 24\" version=\"1.1\" xmlns=\"http:\/\/www.w3.org\/2000\/svg\" aria-hidden=\"true\" focusable=\"false\"><path d=\"M 12.011719 2 C 6.5057187 2 2.0234844 6.478375 2.0214844 11.984375 C 2.0204844 13.744375 2.4814687 15.462563 3.3554688 16.976562 L 2 22 L 7.2324219 20.763672 C 8.6914219 21.559672 10.333859 21.977516 12.005859 21.978516 L 12.009766 21.978516 C 17.514766 21.978516 21.995047 17.499141 21.998047 11.994141 C 22.000047 9.3251406 20.962172 6.8157344 19.076172 4.9277344 C 17.190172 3.0407344 14.683719 2.001 12.011719 2 z M 12.009766 4 C 14.145766 4.001 16.153109 4.8337969 17.662109 6.3417969 C 19.171109 7.8517969 20.000047 9.8581875 19.998047 11.992188 C 19.996047 16.396187 16.413812 19.978516 12.007812 19.978516 C 10.674812 19.977516 9.3544062 19.642812 8.1914062 19.007812 L 7.5175781 18.640625 L 6.7734375 18.816406 L 4.8046875 19.28125 L 5.2851562 17.496094 L 5.5019531 16.695312 L 5.0878906 15.976562 C 4.3898906 14.768562 4.0204844 13.387375 4.0214844 11.984375 C 4.0234844 7.582375 7.6067656 4 12.009766 4 z M 8.4765625 7.375 C 8.3095625 7.375 8.0395469 7.4375 7.8105469 7.6875 C 7.5815469 7.9365 6.9355469 8.5395781 6.9355469 9.7675781 C 6.9355469 10.995578 7.8300781 12.182609 7.9550781 12.349609 C 8.0790781 12.515609 9.68175 15.115234 12.21875 16.115234 C 14.32675 16.946234 14.754891 16.782234 15.212891 16.740234 C 15.670891 16.699234 16.690438 16.137687 16.898438 15.554688 C 17.106437 14.971687 17.106922 14.470187 17.044922 14.367188 C 16.982922 14.263188 16.816406 14.201172 16.566406 14.076172 C 16.317406 13.951172 15.090328 13.348625 14.861328 13.265625 C 14.632328 13.182625 14.464828 13.140625 14.298828 13.390625 C 14.132828 13.640625 13.655766 14.201187 13.509766 14.367188 C 13.363766 14.534188 13.21875 14.556641 12.96875 14.431641 C 12.71875 14.305641 11.914938 14.041406 10.960938 13.191406 C 10.218937 12.530406 9.7182656 11.714844 9.5722656 11.464844 C 9.4272656 11.215844 9.5585938 11.079078 9.6835938 10.955078 C 9.7955938 10.843078 9.9316406 10.663578 10.056641 10.517578 C 10.180641 10.371578 10.223641 10.267562 10.306641 10.101562 C 10.389641 9.9355625 10.347156 9.7890625 10.285156 9.6640625 C 10.223156 9.5390625 9.737625 8.3065 9.515625 7.8125 C 9.328625 7.3975 9.131125 7.3878594 8.953125 7.3808594 C 8.808125 7.3748594 8.6425625 7.375 8.4765625 7.375 z\"><\/path><\/svg><span class=\"wp-block-social-link-label screen-reader-text\">WhatsApp<\/span><\/a><\/li><\/ul>\n\n\n\n<p><strong>Channeling \u2013 G\u0142os Duszy, kt\u00f3ry przemawia przez przestrze\u0144 \u015awiat\u0142a<\/strong><\/p>\n\n\n\n<p>Channeling to subtelna sztuka \u0142\u0105czenia si\u0119 z wymiarami wy\u017cszymi, ze \u0179r\u00f3d\u0142em, w\u0142asn\u0105 Wy\u017csz\u0105 Ja\u017ani\u0105, z Dusz\u0105 . To proces, w kt\u00f3rym staj\u0119 si\u0119 kana\u0142em dla przekaz\u00f3w p\u0142yn\u0105cych spoza logicznego umys\u0142u\u00a0 Przekaz\u00f3w pe\u0142nych m\u0105dro\u015bci, prawdy, uzdrowienia i mi\u0142o\u015bci.<br>Podczas sesji channelingu tworz\u0119 dla Ciebie \u015bwi\u0119t\u0105, bezpieczn\u0105 przestrze\u0144, w kt\u00f3rej mo\u017cesz us\u0142ysze\u0107 to, co ciche, a jednak pot\u0119\u017cne: szept Twojej Duszy, odpowiedzi na pytania, kt\u00f3rych nie da si\u0119 znale\u017a\u0107 w \u017cadnej ksi\u0105\u017cce.<br>To g\u0142\u0119boko transformuj\u0105ce spotkanie, nie z kim\u015b z zewn\u0105trz, ale z Twoj\u0105 w\u0142asn\u0105 Prawd\u0105, esencj\u0105 i przeznaczeniem.<br><br><strong>Czego mo\u017cesz do\u015bwiadczy\u0107 w channelingu?<\/strong><br>* Otrzymasz odpowiedzi na pytania dotycz\u0105ce Twojego \u017cycia, relacji, duszy i misji.<br>* Otworzysz si\u0119 na g\u0142\u0119bsze zrozumienie swojej drogi i tego, co w\u0142a\u015bnie prze\u017cywasz.<br>* Uwolnisz blokady i niepokoje, kt\u00f3re nie s\u0105 Twoje &#8211; lub kt\u00f3rych pochodzenia nie rozumiesz.<br>* Poczujesz kontakt z energi\u0105, kt\u00f3ra Ci\u0119 prowadzi &#8211; subtelnie, ale wyra\u017anie.<br>* Wr\u00f3cisz do siebie &#8211; spokojniejsza, silniejsza, bardziej po\u0142\u0105czona.<\/p>\n\n\n\n<p>Nie musisz &#8220;wierzy\u0107&#8221;, by do\u015bwiadczy\u0107. Wystarczy, \u017ce przyjdziesz z otwartym sercem.<br>Ja zadbam o reszt\u0119 by przekaz by\u0142 czysty, bezpieczny i zgodny z najwy\u017cszym dobrem Twojej Duszy.<br><\/p>\n\n\n\n<p><strong>Cena<\/strong> : <strong>333z\u0142. &#8211; 60MIN<\/strong><\/p>\n","protected":false},"excerpt":{"rendered":"<p>Channeling Channeling \u2013 G\u0142os Duszy, kt\u00f3ry przemawia przez przestrze\u0144 \u015awiat\u0142a Channeling to subtelna sztuka \u0142\u0105czenia si\u0119 z wymiarami wy\u017cszymi, ze \u0179r\u00f3d\u0142em, w\u0142asn\u0105 Wy\u017csz\u0105 Ja\u017ani\u0105, z Dusz\u0105 . To proces, w kt\u00f3rym staj\u0119 si\u0119 kana\u0142em dla przekaz\u00f3w p\u0142yn\u0105cych spoza logicznego umys\u0142u\u00a0 Przekaz\u00f3w pe\u0142nych m\u0105dro\u015bci, prawdy, uzdrowienia i mi\u0142o\u015bci.Podczas sesji channelingu tworz\u0119 dla Ciebie \u015bwi\u0119t\u0105, bezpieczn\u0105 przestrze\u0144, [&hellip;]<\/p>\n","protected":false},"author":1,"featured_media":0,"parent":0,"menu_order":0,"comment_status":"closed","ping_status":"closed","template":"","meta":{"_kadence_starter_templates_imported_post":false,"footnotes":""},"class_list":["post-188","page","type-page","status-publish","hentry"],"yoast_head":"<!-- This site is optimized with the Yoast SEO plugin v23.9 - https:\/\/yoast.com\/wordpress\/plugins\/seo\/ -->\n<title>Channeling - Anna Seroczy\u0144ska<\/title>\n<meta name=\"description\" content=\"kroniki-akaszy Zapraszam do odkrycia magicznego \u015bwiata Kronik Akaszy i wsp\u00f3lnego poszukiwania odpowiedzi na nurtuj\u0105ce Ci\u0119 pytania.\" \/>\n<meta name=\"robots\" content=\"index, follow, max-snippet:-1, max-image-preview:large, max-video-preview:-1\" \/>\n<link rel=\"canonical\" href=\"https:\/\/annaseroczynska.pl\/?page_id=188\" \/>\n<meta property=\"og:locale\" content=\"en_US\" \/>\n<meta property=\"og:type\" content=\"article\" \/>\n<meta property=\"og:title\" content=\"Channeling - Anna Seroczy\u0144ska\" \/>\n<meta property=\"og:description\" content=\"kroniki-akaszy Zapraszam do odkrycia magicznego \u015bwiata Kronik Akaszy i wsp\u00f3lnego poszukiwania odpowiedzi na nurtuj\u0105ce Ci\u0119 pytania.\" \/>\n<meta property=\"og:url\" content=\"https:\/\/annaseroczynska.pl\/?page_id=188\" \/>\n<meta property=\"og:site_name\" content=\"Anna Seroczy\u0144ska\" \/>\n<meta property=\"article:modified_time\" content=\"2025-07-19T11:00:28+00:00\" \/>\n<meta property=\"og:image\" content=\"https:\/\/annaseroczynska.pl\/wp-content\/uploads\/2024\/12\/image.png\" \/>\n<meta name=\"twitter:card\" content=\"summary_large_image\" \/>\n<meta name=\"twitter:label1\" content=\"Est. reading time\" \/>\n\t<meta name=\"twitter:data1\" content=\"2 minutes\" \/>\n<script type=\"application\/ld+json\" class=\"yoast-schema-graph\">{\"@context\":\"https:\/\/schema.org\",\"@graph\":[{\"@type\":\"WebPage\",\"@id\":\"https:\/\/annaseroczynska.pl\/?page_id=188\",\"url\":\"https:\/\/annaseroczynska.pl\/?page_id=188\",\"name\":\"Channeling - Anna Seroczy\u0144ska\",\"isPartOf\":{\"@id\":\"http:\/\/annaseroczynska.pl\/#website\"},\"primaryImageOfPage\":{\"@id\":\"https:\/\/annaseroczynska.pl\/?page_id=188#primaryimage\"},\"image\":{\"@id\":\"https:\/\/annaseroczynska.pl\/?page_id=188#primaryimage\"},\"thumbnailUrl\":\"https:\/\/annaseroczynska.pl\/wp-content\/uploads\/2024\/12\/image.png\",\"datePublished\":\"2024-11-23T15:40:03+00:00\",\"dateModified\":\"2025-07-19T11:00:28+00:00\",\"description\":\"kroniki-akaszy Zapraszam do odkrycia magicznego \u015bwiata Kronik Akaszy i wsp\u00f3lnego poszukiwania odpowiedzi na nurtuj\u0105ce Ci\u0119 pytania.\",\"breadcrumb\":{\"@id\":\"https:\/\/annaseroczynska.pl\/?page_id=188#breadcrumb\"},\"inLanguage\":\"en-US\",\"potentialAction\":[{\"@type\":\"ReadAction\",\"target\":[\"https:\/\/annaseroczynska.pl\/?page_id=188\"]}]},{\"@type\":\"ImageObject\",\"inLanguage\":\"en-US\",\"@id\":\"https:\/\/annaseroczynska.pl\/?page_id=188#primaryimage\",\"url\":\"https:\/\/annaseroczynska.pl\/wp-content\/uploads\/2024\/12\/image.png\",\"contentUrl\":\"https:\/\/annaseroczynska.pl\/wp-content\/uploads\/2024\/12\/image.png\",\"width\":1024,\"height\":768},{\"@type\":\"BreadcrumbList\",\"@id\":\"https:\/\/annaseroczynska.pl\/?page_id=188#breadcrumb\",\"itemListElement\":[{\"@type\":\"ListItem\",\"position\":1,\"name\":\"Strona g\u0142\u00f3wna\",\"item\":\"http:\/\/annaseroczynska.pl\/\"},{\"@type\":\"ListItem\",\"position\":2,\"name\":\"Channeling\"}]},{\"@type\":\"WebSite\",\"@id\":\"http:\/\/annaseroczynska.pl\/#website\",\"url\":\"http:\/\/annaseroczynska.pl\/\",\"name\":\"Anna Seroczy\u0144ska\",\"description\":\"Certyfikowana Hipnoterapeutka \",\"potentialAction\":[{\"@type\":\"SearchAction\",\"target\":{\"@type\":\"EntryPoint\",\"urlTemplate\":\"http:\/\/annaseroczynska.pl\/?s={search_term_string}\"},\"query-input\":{\"@type\":\"PropertyValueSpecification\",\"valueRequired\":true,\"valueName\":\"search_term_string\"}}],\"inLanguage\":\"en-US\"}]}<\/script>\n<!-- \/ Yoast SEO plugin. -->","yoast_head_json":{"title":"Channeling - Anna Seroczy\u0144ska","description":"kroniki-akaszy Zapraszam do odkrycia magicznego \u015bwiata Kronik Akaszy i wsp\u00f3lnego poszukiwania odpowiedzi na nurtuj\u0105ce Ci\u0119 pytania.","robots":{"index":"index","follow":"follow","max-snippet":"max-snippet:-1","max-image-preview":"max-image-preview:large","max-video-preview":"max-video-preview:-1"},"canonical":"https:\/\/annaseroczynska.pl\/?page_id=188","og_locale":"en_US","og_type":"article","og_title":"Channeling - Anna Seroczy\u0144ska","og_description":"kroniki-akaszy Zapraszam do odkrycia magicznego \u015bwiata Kronik Akaszy i wsp\u00f3lnego poszukiwania odpowiedzi na nurtuj\u0105ce Ci\u0119 pytania.","og_url":"https:\/\/annaseroczynska.pl\/?page_id=188","og_site_name":"Anna Seroczy\u0144ska","article_modified_time":"2025-07-19T11:00:28+00:00","og_image":[{"url":"https:\/\/annaseroczynska.pl\/wp-content\/uploads\/2024\/12\/image.png"}],"twitter_card":"summary_large_image","twitter_misc":{"Est. reading time":"2 minutes"},"schema":{"@context":"https:\/\/schema.org","@graph":[{"@type":"WebPage","@id":"https:\/\/annaseroczynska.pl\/?page_id=188","url":"https:\/\/annaseroczynska.pl\/?page_id=188","name":"Channeling - Anna Seroczy\u0144ska","isPartOf":{"@id":"http:\/\/annaseroczynska.pl\/#website"},"primaryImageOfPage":{"@id":"https:\/\/annaseroczynska.pl\/?page_id=188#primaryimage"},"image":{"@id":"https:\/\/annaseroczynska.pl\/?page_id=188#primaryimage"},"thumbnailUrl":"https:\/\/annaseroczynska.pl\/wp-content\/uploads\/2024\/12\/image.png","datePublished":"2024-11-23T15:40:03+00:00","dateModified":"2025-07-19T11:00:28+00:00","description":"kroniki-akaszy Zapraszam do odkrycia magicznego \u015bwiata Kronik Akaszy i wsp\u00f3lnego poszukiwania odpowiedzi na nurtuj\u0105ce Ci\u0119 pytania.","breadcrumb":{"@id":"https:\/\/annaseroczynska.pl\/?page_id=188#breadcrumb"},"inLanguage":"en-US","potentialAction":[{"@type":"ReadAction","target":["https:\/\/annaseroczynska.pl\/?page_id=188"]}]},{"@type":"ImageObject","inLanguage":"en-US","@id":"https:\/\/annaseroczynska.pl\/?page_id=188#primaryimage","url":"https:\/\/annaseroczynska.pl\/wp-content\/uploads\/2024\/12\/image.png","contentUrl":"https:\/\/annaseroczynska.pl\/wp-content\/uploads\/2024\/12\/image.png","width":1024,"height":768},{"@type":"BreadcrumbList","@id":"https:\/\/annaseroczynska.pl\/?page_id=188#breadcrumb","itemListElement":[{"@type":"ListItem","position":1,"name":"Strona g\u0142\u00f3wna","item":"http:\/\/annaseroczynska.pl\/"},{"@type":"ListItem","position":2,"name":"Channeling"}]},{"@type":"WebSite","@id":"http:\/\/annaseroczynska.pl\/#website","url":"http:\/\/annaseroczynska.pl\/","name":"Anna Seroczy\u0144ska","description":"Certyfikowana Hipnoterapeutka ","potentialAction":[{"@type":"SearchAction","target":{"@type":"EntryPoint","urlTemplate":"http:\/\/annaseroczynska.pl\/?s={search_term_string}"},"query-input":{"@type":"PropertyValueSpecification","valueRequired":true,"valueName":"search_term_string"}}],"inLanguage":"en-US"}]}},"_links":{"self":[{"href":"https:\/\/annaseroczynska.pl\/index.php?rest_route=\/wp\/v2\/pages\/188","targetHints":{"allow":["GET"]}}],"collection":[{"href":"https:\/\/annaseroczynska.pl\/index.php?rest_route=\/wp\/v2\/pages"}],"about":[{"href":"https:\/\/annaseroczynska.pl\/index.php?rest_route=\/wp\/v2\/types\/page"}],"author":[{"embeddable":true,"href":"https:\/\/annaseroczynska.pl\/index.php?rest_route=\/wp\/v2\/users\/1"}],"replies":[{"embeddable":true,"href":"https:\/\/annaseroczynska.pl\/index.php?rest_route=%2Fwp%2Fv2%2Fcomments&post=188"}],"version-history":[{"count":11,"href":"https:\/\/annaseroczynska.pl\/index.php?rest_route=\/wp\/v2\/pages\/188\/revisions"}],"predecessor-version":[{"id":399,"href":"https:\/\/annaseroczynska.pl\/index.php?rest_route=\/wp\/v2\/pages\/188\/revisions\/399"}],"wp:attachment":[{"href":"https:\/\/annaseroczynska.pl\/index.php?rest_route=%2Fwp%2Fv2%2Fmedia&parent=188"}],"curies":[{"name":"wp","href":"https:\/\/api.w.org\/{rel}","templated":true}]}}